{"id":814,"date":"2021-01-25T13:22:25","date_gmt":"2021-01-25T12:22:25","guid":{"rendered":"https:\/\/studio14-dierbbdachlounge.de\/?page_id=814"},"modified":"2024-08-02T10:47:13","modified_gmt":"2024-08-02T08:47:13","slug":"impressum","status":"publish","type":"page","link":"https:\/\/studio14-dierbbdachlounge.de\/en\/impressum\/","title":{"rendered":"Imprint"},"content":{"rendered":"\n<h1 class=\"wp-block-heading\">Impressum<\/h1>\n\n\n\n<h4 class=\"wp-block-heading\">rbb media GmbH<\/h4>\n\n\n\n<p>Kaiserdamm 80\/81<br>14057 Berlin<br><br>Tel. \u00a0+49 30 97993-84927<br>Fax +49 30 97993-84909<br><br>E-Mail:\u00a0<a href=\"http:\/\/studio14@rbb-media.de\/\" target=\"_blank\" rel=\"noreferrer noopener\">studio14@rbb-media.de<\/a><br>Internet:\u00a0<a href=\"http:\/\/www.rbb-media.de\/\" target=\"_blank\" rel=\"noreferrer noopener\">www.rbb-media.de<\/a><br><br>Responsible f\u00fcr den Inhalt dieser Website:<br><strong>Gesch\u00e4ftsf\u00fchrung: Anja Mellage<br><\/strong><br><strong>Handelsregister:\u00a0<\/strong>Amtsgericht Charlottenburg (Berlin 19) HRB 6141<br><strong><br>USt.IdentNr.:<\/strong>\u00a0DE 811 261 735<br><br>Die rbb media GmbH distanziert sich ausdr\u00fccklich von allen Inhalten aller verlinkten externen Internetseiten und macht sich diese Inhalte nicht zu eigen. Diese Erkl\u00e4rung gilt f\u00fcr alle auf dieser Website angebrachten Links<\/p>\n","protected":false},"excerpt":{"rendered":"<p>Impressum rbb media GmbH Kaiserdamm 80\/8114057 Berlin Tel. \u00a0+49 30 97993-84927Fax +49 30 97993-84909 E-Mail:\u00a0studio14@rbb-media.deInternet:\u00a0www.rbb-media.de Responsible f\u00fcr den Inhalt dieser Website:Gesch\u00e4ftsf\u00fchrung: Anja MellageHandelsregister:\u00a0Amtsgericht Charlottenburg (Berlin 19) HRB 6141USt.IdentNr.:\u00a0DE 811 261 [&hellip;]<\/p>\n","protected":false},"author":1,"featured_media":0,"parent":0,"menu_order":0,"comment_status":"closed","ping_status":"closed","template":"template-legal.php","meta":{"_acf_changed":false,"footnotes":""},"class_list":["post-814","page","type-page","status-publish","hentry"],"acf":[],"yoast_head":"<!-- This site is optimized with the Yoast SEO plugin v27.5 - https:\/\/yoast.com\/product\/yoast-seo-wordpress\/ -->\n<title>Imprint - Studio 14<\/title>\n<meta name=\"robots\" content=\"index, follow, max-snippet:-1, max-image-preview:large, max-video-preview:-1\" \/>\n<link rel=\"canonical\" href=\"https:\/\/studio14-dierbbdachlounge.de\/en\/impressum\/\" \/>\n<meta property=\"og:locale\" content=\"en_US\" \/>\n<meta property=\"og:type\" content=\"article\" \/>\n<meta property=\"og:title\" content=\"Imprint - Studio 14\" \/>\n<meta property=\"og:description\" content=\"Impressum rbb media GmbH Kaiserdamm 80\/8114057 Berlin Tel. \u00a0+49 30 97993-84927Fax +49 30 97993-84909 E-Mail:\u00a0studio14@rbb-media.deInternet:\u00a0www.rbb-media.de Responsible f\u00fcr den Inhalt dieser Website:Gesch\u00e4ftsf\u00fchrung: Anja MellageHandelsregister:\u00a0Amtsgericht Charlottenburg (Berlin 19) HRB 6141USt.IdentNr.:\u00a0DE 811 261 [&hellip;]\" \/>\n<meta property=\"og:url\" content=\"https:\/\/studio14-dierbbdachlounge.de\/en\/impressum\/\" \/>\n<meta property=\"og:site_name\" content=\"Studio 14\" \/>\n<meta property=\"article:modified_time\" content=\"2024-08-02T08:47:13+00:00\" \/>\n<meta name=\"twitter:card\" content=\"summary_large_image\" \/>\n<meta name=\"twitter:label1\" content=\"Est. reading time\" \/>\n\t<meta name=\"twitter:data1\" content=\"1 minute\" \/>\n<script type=\"application\/ld+json\" class=\"yoast-schema-graph\">{\"@context\":\"https:\\\/\\\/schema.org\",\"@graph\":[{\"@type\":\"WebPage\",\"@id\":\"https:\\\/\\\/studio14-dierbbdachlounge.de\\\/en\\\/impressum\\\/\",\"url\":\"https:\\\/\\\/studio14-dierbbdachlounge.de\\\/en\\\/impressum\\\/\",\"name\":\"Imprint - Studio 14\",\"isPartOf\":{\"@id\":\"https:\\\/\\\/studio14-dierbbdachlounge.de\\\/en\\\/#website\"},\"datePublished\":\"2021-01-25T12:22:25+00:00\",\"dateModified\":\"2024-08-02T08:47:13+00:00\",\"breadcrumb\":{\"@id\":\"https:\\\/\\\/studio14-dierbbdachlounge.de\\\/en\\\/impressum\\\/#breadcrumb\"},\"inLanguage\":\"en-US\",\"potentialAction\":[{\"@type\":\"ReadAction\",\"target\":[\"https:\\\/\\\/studio14-dierbbdachlounge.de\\\/en\\\/impressum\\\/\"]}]},{\"@type\":\"BreadcrumbList\",\"@id\":\"https:\\\/\\\/studio14-dierbbdachlounge.de\\\/en\\\/impressum\\\/#breadcrumb\",\"itemListElement\":[{\"@type\":\"ListItem\",\"position\":1,\"name\":\"Home\",\"item\":\"https:\\\/\\\/studio14-dierbbdachlounge.de\\\/en\\\/\"},{\"@type\":\"ListItem\",\"position\":2,\"name\":\"Imprint\"}]},{\"@type\":\"WebSite\",\"@id\":\"https:\\\/\\\/studio14-dierbbdachlounge.de\\\/en\\\/#website\",\"url\":\"https:\\\/\\\/studio14-dierbbdachlounge.de\\\/en\\\/\",\"name\":\"Studio 14\",\"description\":\"Just another WordPress site\",\"potentialAction\":[{\"@type\":\"SearchAction\",\"target\":{\"@type\":\"EntryPoint\",\"urlTemplate\":\"https:\\\/\\\/studio14-dierbbdachlounge.de\\\/en\\\/?s={search_term_string}\"},\"query-input\":{\"@type\":\"PropertyValueSpecification\",\"valueRequired\":true,\"valueName\":\"search_term_string\"}}],\"inLanguage\":\"en-US\"}]}<\/script>\n<!-- \/ Yoast SEO plugin. -->","yoast_head_json":{"title":"Imprint - Studio 14","robots":{"index":"index","follow":"follow","max-snippet":"max-snippet:-1","max-image-preview":"max-image-preview:large","max-video-preview":"max-video-preview:-1"},"canonical":"https:\/\/studio14-dierbbdachlounge.de\/en\/impressum\/","og_locale":"en_US","og_type":"article","og_title":"Imprint - Studio 14","og_description":"Impressum rbb media GmbH Kaiserdamm 80\/8114057 Berlin Tel. \u00a0+49 30 97993-84927Fax +49 30 97993-84909 E-Mail:\u00a0studio14@rbb-media.deInternet:\u00a0www.rbb-media.de Responsible f\u00fcr den Inhalt dieser Website:Gesch\u00e4ftsf\u00fchrung: Anja MellageHandelsregister:\u00a0Amtsgericht Charlottenburg (Berlin 19) HRB 6141USt.IdentNr.:\u00a0DE 811 261 [&hellip;]","og_url":"https:\/\/studio14-dierbbdachlounge.de\/en\/impressum\/","og_site_name":"Studio 14","article_modified_time":"2024-08-02T08:47:13+00:00","twitter_card":"summary_large_image","twitter_misc":{"Est. reading time":"1 minute"},"schema":{"@context":"https:\/\/schema.org","@graph":[{"@type":"WebPage","@id":"https:\/\/studio14-dierbbdachlounge.de\/en\/impressum\/","url":"https:\/\/studio14-dierbbdachlounge.de\/en\/impressum\/","name":"Imprint - Studio 14","isPartOf":{"@id":"https:\/\/studio14-dierbbdachlounge.de\/en\/#website"},"datePublished":"2021-01-25T12:22:25+00:00","dateModified":"2024-08-02T08:47:13+00:00","breadcrumb":{"@id":"https:\/\/studio14-dierbbdachlounge.de\/en\/impressum\/#breadcrumb"},"inLanguage":"en-US","potentialAction":[{"@type":"ReadAction","target":["https:\/\/studio14-dierbbdachlounge.de\/en\/impressum\/"]}]},{"@type":"BreadcrumbList","@id":"https:\/\/studio14-dierbbdachlounge.de\/en\/impressum\/#breadcrumb","itemListElement":[{"@type":"ListItem","position":1,"name":"Home","item":"https:\/\/studio14-dierbbdachlounge.de\/en\/"},{"@type":"ListItem","position":2,"name":"Imprint"}]},{"@type":"WebSite","@id":"https:\/\/studio14-dierbbdachlounge.de\/en\/#website","url":"https:\/\/studio14-dierbbdachlounge.de\/en\/","name":"Studio 14","description":"Just another WordPress site","potentialAction":[{"@type":"SearchAction","target":{"@type":"EntryPoint","urlTemplate":"https:\/\/studio14-dierbbdachlounge.de\/en\/?s={search_term_string}"},"query-input":{"@type":"PropertyValueSpecification","valueRequired":true,"valueName":"search_term_string"}}],"inLanguage":"en-US"}]}},"_links":{"self":[{"href":"https:\/\/studio14-dierbbdachlounge.de\/en\/wp-json\/wp\/v2\/pages\/814","targetHints":{"allow":["GET"]}}],"collection":[{"href":"https:\/\/studio14-dierbbdachlounge.de\/en\/wp-json\/wp\/v2\/pages"}],"about":[{"href":"https:\/\/studio14-dierbbdachlounge.de\/en\/wp-json\/wp\/v2\/types\/page"}],"author":[{"embeddable":true,"href":"https:\/\/studio14-dierbbdachlounge.de\/en\/wp-json\/wp\/v2\/users\/1"}],"replies":[{"embeddable":true,"href":"https:\/\/studio14-dierbbdachlounge.de\/en\/wp-json\/wp\/v2\/comments?post=814"}],"version-history":[{"count":4,"href":"https:\/\/studio14-dierbbdachlounge.de\/en\/wp-json\/wp\/v2\/pages\/814\/revisions"}],"predecessor-version":[{"id":2922,"href":"https:\/\/studio14-dierbbdachlounge.de\/en\/wp-json\/wp\/v2\/pages\/814\/revisions\/2922"}],"wp:attachment":[{"href":"https:\/\/studio14-dierbbdachlounge.de\/en\/wp-json\/wp\/v2\/media?parent=814"}],"curies":[{"name":"wp","href":"https:\/\/api.w.org\/{rel}","templated":true}]}}