{"id":818,"date":"2021-02-09T11:36:30","date_gmt":"2021-02-09T10:36:30","guid":{"rendered":"https:\/\/studio14-dierbbdachlounge.de\/?page_id=818"},"modified":"2021-02-09T11:41:55","modified_gmt":"2021-02-09T10:41:55","slug":"datenschutzerklarung","status":"publish","type":"page","link":"https:\/\/studio14-dierbbdachlounge.de\/en\/datenschutzerklarung\/","title":{"rendered":"Privacy policy"},"content":{"rendered":"\n<h1 class=\"wp-block-heading\">Datenschutz<\/h1>\n\n\n\n<p><strong><br><br>Studio 14 &#8211; die rbb Dachlounge<\/strong><br><br><br><strong>Datenschutzerkl\u00e4rung<\/strong><br>Wir freuen uns \u00fcber Ihr Interesse an unserem Unternehmen und unseren Dienstleistungen und m\u00f6chten, dass Sie sich beim Besuch unserer Internetseiten auch hinsichtlich des Schutzes Ihrer personenbezogenen Daten sicher f\u00fchlen. Denn wir nehmen den Schutz Ihrer personenbezogenen Daten sehr ernst. Die Beachtung der Bestimmungen des Bundesdatenschutzgesetzes sowie der europ\u00e4ischen Datenschutzregularien ist f\u00fcr uns eine Selbstverst\u00e4ndlichkeit.Wir m\u00f6chten, dass Sie wissen, wann wir welche Daten erheben und wie wir sie verwenden. Wir haben technische und organisatorische Ma\u00dfnahmen getroffen, die sicherstellen, dass die Vorschriften \u00fcber den Datenschutz sowohl von uns als auch von uns beauftragten externen Dienstleistern beachtet werden.<br>&nbsp;<br><strong><br>Name und Anschrift des Verantwortlichen<\/strong><br>Der Verantwortliche im Sinne der Datenschutz-Grundverordnung (DSGVO) des Bundesdatenschutzgesetzes (BDSG) sowie sonstiger datenschutzrechtlicher Bestimmungen ist die:<br>\u200d<br>rbb media GmbH<br>Kaiserdamm 80\/8114057 Berlin<br>Tel. +49 30 97993-84901<br>Fax +49 30 97993-84909<br>E-Mail:&nbsp;<em>info@rbb-media.de<\/em>Internet:&nbsp;<a href=\"http:\/\/www.rbb-media.de\/\">www.rbb-media.de<\/a>&nbsp;<br><br>Unseren Betrieblichen Datenschutzbeauftragten erreichen Sie unter:<br><br>Jonas Gru\u00dfendorf<br>Kaiserdamm 80\/81<br>14057 Berlin<br>Tel. +49 30 97993-84901<br>Fax +49 30 97993-84909<br>E-Mail:&nbsp;<em>datenschutz@rbb-media.de<\/em><br>&nbsp;<br><strong><br><br>Verarbeitung personenbezogener Daten<\/strong><br><br>Wir erheben und verwenden personenbezogene Daten von Ihnen grunds\u00e4tzlich nur, soweit dies zur Bereitstellung einer funktionsf\u00e4higen Webseite sowie unserer Inhalte und Leistungen erforderlich ist.<br><br>Die Sicherheit Ihrer personenbezogenen Daten hat f\u00fcr uns eine hohe Priorit\u00e4t. Ihre bei uns gespeicherten Daten sch\u00fctzen wir deshalb durch technische und organisatorische Ma\u00dfnahmen, um Verlust oder Missbrauch durch Dritte wirkungsvoll vorzubeugen. Insbesondere werden unsere Mitarbeiter, die personenbezogene Daten verarbeiten, auf das Datengeheimnis verpflichtet und m\u00fcssen dieses einhalten. Zum Schutz ihrer personenbezogenen Daten werden diese verschl\u00fcsselt \u00fcbertragen; zum Beispiel verwenden wir f\u00fcr die Kommunikation \u00fcber Ihren Internet-Browser SSL=Secure Socket Layer. Dies erkennen Sie an dem Schloss-Symbol, das Ihr Browser bei einer SSL-Verbindung anzeigt. Um den dauerhaften Schutz Ihrer Daten zu gew\u00e4hrleisten, werden die technischen Sicherheitsma\u00dfnahmen regelm\u00e4\u00dfig \u00fcberpr\u00fcft und falls erforderlich an den Stand der Technik angepasst. Diese Grunds\u00e4tze gelten auch f\u00fcr Unternehmen, die Daten in unserem Auftrag und nach unseren Weisungen verarbeiten und nutzen.<br>&nbsp;<br><strong><br><br>Verarbeitungszwecke und Rechtsgrundlagen<\/strong><br><br>Wir erheben, verarbeiten und nutzen Ihre personenbezogenen Daten f\u00fcr folgende Zwecke:<br>\u200d<br>Bearbeitung von Kontaktanfragen<br>Bearbeitung von Mitschnittanfragen<br>Annahme von Bewerbungen<br><br>Auf folgenden Rechtsgrundlagen kann die Verarbeitung Ihrer personenbezogenen Daten beruhen:<br>\u200d<br>Art. 6 Abs. 1 lit. a DSGVO dient uns als Rechtsgrundlage f\u00fcr Verarbeitungsvorg\u00e4nge, bei denen wir Ihre Einwilligung f\u00fcr einen bestimmten Verarbeitungszweck einholen.<br>Art. 6 Abs. 1 lit. b DSGVO, soweit die Verarbeitung personenbezogener Daten zur Erf\u00fcllung eines Vertrages erforderlich ist, z. B. wenn Sie ein Produkt erwerben. Gleiches gilt f\u00fcr solche Verarbeitungsvorg\u00e4nge, die zur Durchf\u00fchrung vorvertraglicher Ma\u00dfnahmen erforderlich sind, etwa bei Anfragen zu unseren Produkten oder Leistungen.<br>Art. 6 Abs. 1 lit. c DSGVO, soweit wir einer rechtlichen Verpflichtung unterliegen, die eine Verarbeitung personenbezogener Daten erfordert, wie beispielsweise zur Erf\u00fcllung steuerlicher Pflichten.<br>Art. 6 Abs. 1 lit. d DSGVO f\u00fcr den Fall, dass lebenswichtige Interessen von Ihnen oder einer anderen nat\u00fcrlichen Person eine Verarbeitung personenbezogener Daten erforderlich machen.<br>Art. 6 Abs. 1 lit. f DSGVO findet auf Grundlage unserer berechtigten Interessen Anwendung, z.B. bei Einsatz von Dienstleistern im Rahmen der Auftragsverarbeitung, wie Versanddienstleistern oder bei der Durchf\u00fchrung statistischer Erhebungen und Analysen sowie bei Protokollierungen von Anmeldeverfahren. Unser Interesse richtet sich auf den Einsatz einer nutzerfreundlichen, ansprechenden und sicheren Darstellung sowie Optimierung unseres Webangebotes, das sowohl unseren gesch\u00e4ftlichen Interessen dient, als auch Ihren Erwartungen entspricht.<br><strong><br><br><br>Dauer der Speicherung und L\u00f6schung von personenbezogenen Daten<\/strong><br><br>Wir verarbeiten und speichern Ihre personenbezogenen Daten nur f\u00fcr den Zeitraum, der zur Erf\u00fcllung des Speicherungszweckes erforderlich ist oder sofern dies in Gesetzen oder Vorschriften vorgesehen wurde. Nach Wegfall oder Erf\u00fcllung des Zwecks werden Ihre personenbezogenen Daten gel\u00f6scht bzw. gesperrt. Im Fall der Sperrung erfolgt die L\u00f6schung sobald gesetzliche, satzungsm\u00e4\u00dfige oder vertragliche Aufbewahrungsfristen nicht entgegenstehen, kein Grund zu der Annahme besteht, dass eine L\u00f6schung Ihre schutzw\u00fcrdigen Interessen beeintr\u00e4chtigt und eine L\u00f6schung wegen der besonderen Art der Speicherung keinen unverh\u00e4ltnism\u00e4\u00dfig hohen Aufwand verursacht.<br><strong><br><br><br>Erfassung allgemeiner Daten und Informationen, sog. Logfiles<\/strong><br><br>Bei jedem Aufruf der Website erfasst das System automatisiert die folgenden Daten vom Computersystem des aufrufenden Endger\u00e4tes und speichert sie in Protokolldateien (sog. Logfiles): Name der abgerufenen Datei, Datum und Uhrzeit des Aufrufs, \u00fcbertragene Datenmenge, Meldung \u00fcber erfolgreichen Abruf, Typ Ihres Browsers und verwendete Version, IP-Adresse des Nutzers, Betriebssystem des Nutzers, Websites, von denen das System des Nutzers auf unsere Internetseite gelangt. Eine Zusammenf\u00fchrung dieser Daten mit anderen Datenquellen findet nicht statt. Rechtsgrundlage f\u00fcr die Erhebung der Daten und deren Speicherung in Logfiles ist Art. 6 Abs. 1 S. 1 lit. f) DSGVO.<br><br>Die vor\u00fcbergehende Erhebung der Daten durch das System ist erforderlich, um eine Auslieferung der Website an Ihr Endger\u00e4t zu erm\u00f6glichen und deren Wiedergabe zu gew\u00e4hrleisten. Die Speicherung in Logfiles erfolgt zudem, um die Stabilit\u00e4t und Funktionsf\u00e4higkeit der Website sicherzustellen. Ferner dienen die Daten zur Optimierung der Website und zur Gew\u00e4hrleistung der Sicherheit der informationstechnischen Systeme gegen m\u00f6gliche Angriffe von au\u00dfen. Darin liegt zugleich das berechtigte Interesse an der Datenverarbeitung nach Art. 6 Abs. 1 S. 1 lit. f) DSGVO.<br><br>Die Daten werden gel\u00f6scht, sobald sie f\u00fcr die Erreichung des Zweckes ihrer Erhebung nicht mehr erforderlich sind, sp\u00e4testens nach 90 Tagen.<br><br>Die Erfassung der Daten zur Bereitstellung der Website und deren Speicherung in Logfiles ist f\u00fcr den Betrieb der Internetseite erforderlich, sodass f\u00fcr Sie keine Widerspruchsm\u00f6glichkeit besteht.<br><strong><br><br><br>Weitergabe personenbezogener Daten an Dritte<\/strong><br><br>Bei der Weitergabe Ihrer personenbezogenen Daten achten wir stets auf ein m\u00f6glichst hohes Sicherheitsniveau. Daher werden Ihre Daten nur an vorher sorgf\u00e4ltig ausgew\u00e4hlte und vertraglich verpflichtete Dienstleister und Partnerunternehmen weitergegeben. Zudem werden Ihre Daten von uns nur an Stellen weitergeleitet, die sich innerhalb des Europ\u00e4ischen Wirtschaftsraums befinden und deshalb dem strengen EU-Datenschutzrecht unterliegen oder die zur Einhaltung eines entsprechenden Schutzniveaus verpflichtet sind. Eine \u00dcbermittlung von Daten in Drittstaaten erfolgt derzeit nicht und ist nicht geplant.<br><br>a) Weitergabe an Dienstleistungsunternehmen gem. Art. 6 Abs. 1 lit. b und f DSGVO<br><br>F\u00fcr den Betrieb sowie zur Optimierung unserer Webseite Dienstleistungsunternehmen f\u00fcr uns t\u00e4tig, z.B. f\u00fcr das Hosting unserer Webseite.<br><br>Diese Unternehmen werden im Wege einer Auftragsverarbeitung f\u00fcr uns t\u00e4tig und d\u00fcrfen die zur Verf\u00fcgung gestellten Daten deshalb ausschlie\u00dflich nach unseren Weisungen verwenden. Wir sind in diesem Fall f\u00fcr angemessene Datenschutzvorkehrungen bei den von uns beauftragten Unternehmen gesetzlich verantwortlich. Deshalb vereinbaren wir mit diesen Unternehmen konkrete Datensicherheitsma\u00dfnahmen und kontrollieren diese regelm\u00e4\u00dfig.<br><br>b) Weitergabe an sonstige Dritte gem. Art. 6 Abs. 1 lit. c und f DSGVO<br><br>Schlie\u00dflich werden wir Ihre Daten im Rahmen der bestehenden Datenschutzgesetze an Dritte oder staatliche Stellen weitergeben, wenn wir dazu z.B. aufgrund beh\u00f6rdlicher oder gerichtlicher Anordnung rechtlich verpflichtet sind oder wenn wir dazu berechtigt sind, z.B. weil dies zur Verfolgung von Straftaten oder f\u00fcr die Wahrnehmung und Durchsetzung unserer Rechte und Anspr\u00fcche erforderlich ist.<br><strong><br><br><br>Social Media<\/strong><br><br>Wir unterhalten Onlinepr\u00e4senzen innerhalb sozialer Netzwerke und Plattformen, um mit Kunden, Interessenten und Nutzern kommunizieren und sie dort \u00fcber unsere Leistungen, Produkte und Inhalte informieren zu k\u00f6nnen.<br><br>Wir weisen darauf hin, dass dabei Daten der Nutzer au\u00dferhalb des Raumes der Europ\u00e4ischen Union verarbeitet werden k\u00f6nnen. Hierdurch k\u00f6nnen sich f\u00fcr die Nutzer Risiken ergeben, weil so z.B. die Durchsetzung der Rechte der Nutzer erschwert werden k\u00f6nnte. Im Hinblick auf US-Anbieter die unter dem Privacy-Shield zertifiziert sind, weisen wir darauf hin, dass sie sich damit verpflichten, die Datenschutzstandards der EU einzuhalten.<br><br>Soziale Netzwerke verarbeiten die Daten der Nutzer regelm\u00e4\u00dfig f\u00fcr Marktforschungs- und Werbezwecke. Zu diesen Zwecken werden im Regelfall Cookies auf den Rechnern der Nutzer gespeichert, in denen das Nutzungsverhalten und die Interessen der Nutzer gespeichert werden. Ferner k\u00f6nnen in den Nutzungsprofilen auch Daten unabh\u00e4ngig der von den Nutzern verwendeten Ger\u00e4te gespeichert werden, insbesondere wenn die Nutzer Mitglieder der jeweiligen Plattformen und bei diesen eingeloggt sind<br><br>Die Verarbeitung Ihrer personenbezogenen Daten erfolgt aufgrund berechtigten Interesses gem. Art. 6 Abs. 1 S. 1 lit. f) DSGVO, zur Optimierung der Kommunikation und unserer Leistungen. Falls Sie von den jeweiligen Anbietern um eine Einwilligung in die Datenverarbeitung gebeten werden (d.h. ihr Einverst\u00e4ndnis z.B. \u00fcber das Anhaken eines Kontrollk\u00e4stchens oder Best\u00e4tigung einer Schaltfl\u00e4che erkl\u00e4ren) ist die Rechtsgrundlage der Verarbeitung Art. 6 Abs. 1 S. 1 lit. a), Art. 7 DSGVO.<br><br>F\u00fcr eine detaillierte Darstellung der jeweiligen Verarbeitungen und der Widerspruchsm\u00f6glichkeiten (Opt-Out), verweisen wir auf die nachfolgend verlinkten Angaben der Anbieter:<br><br>Facebook (Facebook Ireland Ltd., 4 Grand Canal Square, Grand Canal Harbour, Dublin 2, Irland)<br>\u2013 Datenschutzerkl\u00e4rung:&nbsp;https:\/\/www.facebook.com\/about\/privacy\/,<br>&#8211; Opt-Out:&nbsp;<a href=\"https:\/\/www.facebook.com\/settings?tab=ads\">https:\/\/www.facebook.com\/settings?tab=ads<\/a>&nbsp; und&nbsp;<a href=\"http:\/\/www.youronlinechoices.com\/\">http:\/\/www.youronlinechoices.com<br>\u200d<\/a>&#8211; Privacy Shield:&nbsp;<a href=\"https:\/\/www.privacyshield.gov\/participant?id=a2zt0000000GnywAAC&amp;status=Active\">https:\/\/www.privacyshield.gov\/participant?id=a2zt0000000GnywAAC&amp;status=Active<\/a>&nbsp;<br><br>Google\/ YouTube (Google LLC, 1600 Amphitheatre Parkway, Mountain View, CA 94043, USA)<br>\u2013 Datenschutzerkl\u00e4rung:&nbsp;<a href=\"https:\/\/policies.google.com\/privacy\">https:\/\/policies.google.com\/privacy<\/a>,<br>Opt-Out:&nbsp;<a href=\"https:\/\/adssettings.google.com\/authenticated\">https:\/\/adssettings.google.com\/authenticated<\/a>,<br>&#8211; Privacy Shield:&nbsp;<a href=\"https:\/\/www.privacyshield.gov\/participant?id=a2zt000000001L5AAI&amp;status=Active\">https:\/\/www.privacyshield.gov\/participant?id=a2zt000000001L5AAI&amp;status=Active<\/a>&nbsp;<br><br>Instagram (Instagram Inc., 1601 Willow Road, Menlo Park, CA, 94025, USA)<br>\u2013 Datenschutzerkl\u00e4rung\/ Opt-Out:&nbsp;<a href=\"http:\/\/instagram.com\/about\/legal\/privacy\/\">http:\/\/instagram.com\/about\/legal\/privacy\/<\/a>&nbsp;<br><br>LinkedIn (LinkedIn Ireland Unlimited Company Wilton Place, Dublin 2, Irland)<br>\u2013 Datenschutzerkl\u00e4rung:&nbsp;<a href=\"https:\/\/www.linkedin.com\/legal\/privacy-policy\">https:\/\/www.linkedin.com\/legal\/privacy-policy<\/a>&nbsp;,<br>&#8211; Opt-Out:&nbsp;<a href=\"https:\/\/www.linkedin.com\/psettings\/guest-controls\/retargeting-opt-out\">https:\/\/www.linkedin.com\/psettings\/guest-controls\/retargeting-opt-out<\/a>,&nbsp;<br>&#8211; Privacy Shield:&nbsp;<a href=\"https:\/\/www.privacyshield.gov\/participant?id=a2zt0000000L0UZAA0&amp;status=Active\">https:\/\/www.privacyshield.gov\/participant?id=a2zt0000000L0UZAA0&amp;status=Active<\/a>&nbsp;&nbsp;<br><br><br><br>\u200d<strong>Ihre Rechte<\/strong><br><br>Selbstverst\u00e4ndlich haben Sie in Bezug auf die Erhebung Ihrer Daten Rechte, \u00fcber die wir Sie hiermit gern aufkl\u00e4ren. M\u00f6chten Sie eines der folgenden unentgeltlichen Rechte in Anspruch nehmen, so gen\u00fcgt eine einfache Nachricht an uns. Sie k\u00f6nnen dazu folgende Kontaktdaten verwenden, ohne dass Ihnen andere Kosten als die \u00dcbermittlungskosten nach dem Basistarif entstehen:<br><br>Per E-Mail:&nbsp;<em>datenschutz@rbb-media.de<br>\u200d<\/em>Per Post: rbb media GmbH, Betrieblicher Datenschutzbeauftragter, Kaiserdamm 80\/81, 14057 Berlin<br><br>Zu Ihrem eigenen Schutz behalten wir uns vor, bei einer vorliegenden Anfrage, weitere Informationen einzuholen, die zur Best\u00e4tigung Ihrer Identit\u00e4t erforderlich sind und falls eine Identifizierung nicht m\u00f6glich sein sollte, die Bearbeitung der Anfrage zu verweigern.<br><br>a) Recht auf Auskunft<br>Sie haben das Recht, von uns eine Auskunft \u00fcber die zu Ihrer Person gespeicherten personenbezogenen Daten zu verlangen.<br><br>b) Recht auf Berichtigung<br>Sie haben das Recht, eine unverz\u00fcgliche Berichtigung und\/oder Vervollst\u00e4ndigung der Sie betreffenden personenbezogenen Daten zu verlangen.<br><br>c) Recht auf Einschr\u00e4nkung der Verarbeitung<br>Sie haben das Recht, die Einschr\u00e4nkung der Verarbeitung Ihrer personenbezogenen Daten zu verlangen, soweit die Richtigkeit der Daten von Ihnen bestritten wird, die Verarbeitung unrechtm\u00e4\u00dfig ist, Sie aber deren L\u00f6schung ablehnen und wir die Daten nicht mehr ben\u00f6tigen, Sie jedoch diese zur Geltendmachung, Aus\u00fcbung oder Verteidigung von Rechtsanspr\u00fcchen ben\u00f6tigen oder Sie Widerspruch gegen die Verarbeitung eingelegt haben.<br><br>d) Recht auf L\u00f6schung<br>Sie haben das Recht, die L\u00f6schung Ihrer bei uns gespeicherten personenbezogenen Daten zu verlangen, soweit nicht die Aus\u00fcbung des Rechts auf freie Meinungs\u00e4u\u00dferung und Information, die Verarbeitung zur Erf\u00fcllung einer rechtlichen Verpflichtung, aus Gr\u00fcnden des \u00f6ffentlichen Interesses oder zur Geltendmachung, Aus\u00fcbung oder Verteidigung von Rechtsanspr\u00fcchen erforderlich ist.<br><br>e) Recht auf Unterrichtung<br>Haben Sie das Recht auf Berichtigung, L\u00f6schung oder Einschr\u00e4nkung der Verarbeitung geltend gemacht, werden wir allen Empf\u00e4ngern, denen die Sie betreffenden personenbezogenen Daten offengelegt wurden, diese Berichtigung oder L\u00f6schung der Daten oder Einschr\u00e4nkung der Verarbeitung mitteilen, es sei denn, dies erweist sich als unm\u00f6glich oder ist mit einem unverh\u00e4ltnism\u00e4\u00dfigen Aufwand verbunden.<br><br>f) Recht auf Daten\u00fcbertragbarkeit<br>Sie haben das Recht, personenbezogene Daten, die Sie uns bereitgestellt haben, an sich oder an einen Dritten in einem strukturierten, g\u00e4ngigen und maschinenlesbaren Format aush\u00e4ndigen zu lassen. Sofern Sie die direkte \u00dcbertragung der Daten an einen anderen Verantwortlichen verlangen, erfolgt dies nur, soweit es technisch machbar ist.<br><br>g) Widerspruchsrecht<br>Sofern Ihre personenbezogenen Daten auf Grundlage von berechtigten Interessen gem\u00e4\u00df Art. 6 Abs. 1 lit. f DSGVO verarbeitet werden, haben Sie das Recht, gem\u00e4\u00df Art. 21 DSGVO jederzeit Widerspruch gegen die Verarbeitung einzulegen.<br><br>h) Widerrufsrecht von Einwilligungen<br>Sie haben das Recht, Ihre Einwilligung bzgl. der Erhebung von Daten jederzeit mit Wirkung f\u00fcr die Zukunft zu widerrufen. Die bis zur Rechtskraft des Widerrufs erhobenen Daten bleiben hiervon unber\u00fchrt. Bitte haben Sie Verst\u00e4ndnis daf\u00fcr, dass die Umsetzung Ihres Widerrufs aus technischen Gr\u00fcnden ein wenig Zeit ben\u00f6tigen kann und Sie w\u00e4hrenddessen m\u00f6glicherweise noch Nachrichten von uns erhalten.<br><br>i) Recht auf Beschwerde bei einer Aufsichtsbeh\u00f6rde<br><br>Verst\u00f6\u00dft die Verarbeitung Ihrer personenbezogenen Daten gegen das Datenschutzrecht oder wurden Ihre datenschutzrechtlichen Anspr\u00fcche sonst in einer Weise verletzt, k\u00f6nnen Sie sich bei der Aufsichtsbeh\u00f6rde beschweren.<br><br>Sie k\u00f6nnen Ihre Rechte zur Berichtigung und L\u00f6schung auch am schnellsten, einfachsten und komfortabelsten aus\u00fcben, indem Sie sich in Ihrem Kundenkonto einloggen und Ihre dort gespeicherten Daten direkt bearbeiten oder l\u00f6schen. Bitte beachten Sie, dass Ihnen nach der L\u00f6schung Ihrer Daten auch die Angebote unserer Produktpartner \u00fcber unsere Webseite nicht mehr zur Verf\u00fcgung stehen. Dies schlie\u00dft u.a. auch Re-Downloadm\u00f6glichkeiten ein. Bitte sichern Sie deshalb vor Geltendmachung eines L\u00f6schungsanspruchs Ihre Daten. Daten, die wir aufgrund gesetzlicher, satzungsm\u00e4\u00dfiger oder vertraglicher Aufbewahrungspflichten speichern m\u00fcssen, werden statt einer L\u00f6schung gesperrt, um eine Nutzung f\u00fcr andere Zwecke zu verhindern.<br><strong><br><br><br>Links auf Internet-Seiten anderer Unternehmen<\/strong><br><br>Unsere Webseite enth\u00e4lt Links auf Internet-Seiten anderer Unternehmen. Wir sind nicht verantwortlich f\u00fcr die Datenschutzvorkehrungen auf externen Webseiten, die Sie \u00fcber diese Links erreichen k\u00f6nnen. Bitte informieren Sie sich dort \u00fcber den Datenschutz dieser externen Webseiten.<br><strong><br><br><br>\u00c4nderung der Datenschutzhinweise<\/strong><br><br>Um zu gew\u00e4hrleisten, dass unsere Datenschutzhinweise stets den aktuellen gesetzlichen Vorgaben entsprechen, behalten wir uns jederzeit \u00c4nderungen vor. Das gilt auch f\u00fcr den Fall, dass die Datenschutzhinweise aufgrund neuer oder \u00fcberarbeiteter Angebote oder Leistungen angepasst werden m\u00fcssen.<br><br><br><br><br><br>Stand: 12. September 2018<\/p>\n","protected":false},"excerpt":{"rendered":"<p>Datenschutz Studio 14 &#8211; die rbb Dachlounge Datenschutzerkl\u00e4rungWir freuen uns \u00fcber Ihr Interesse an unserem Unternehmen und unseren Dienstleistungen und m\u00f6chten, dass Sie sich beim Besuch unserer Internetseiten auch hinsichtlich [&hellip;]<\/p>\n","protected":false},"author":2,"featured_media":0,"parent":0,"menu_order":0,"comment_status":"closed","ping_status":"closed","template":"template-legal.php","meta":{"_acf_changed":false,"footnotes":""},"class_list":["post-818","page","type-page","status-publish","hentry"],"acf":[],"yoast_head":"<!-- This site is optimized with the Yoast SEO plugin v27.5 - https:\/\/yoast.com\/product\/yoast-seo-wordpress\/ -->\n<title>Privacy policy - Studio 14<\/title>\n<meta name=\"robots\" content=\"index, follow, max-snippet:-1, max-image-preview:large, max-video-preview:-1\" \/>\n<link rel=\"canonical\" href=\"https:\/\/studio14-dierbbdachlounge.de\/en\/datenschutzerklarung\/\" \/>\n<meta property=\"og:locale\" content=\"en_US\" \/>\n<meta property=\"og:type\" content=\"article\" \/>\n<meta property=\"og:title\" content=\"Privacy policy - Studio 14\" \/>\n<meta property=\"og:description\" content=\"Datenschutz Studio 14 &#8211; die rbb Dachlounge Datenschutzerkl\u00e4rungWir freuen uns \u00fcber Ihr Interesse an unserem Unternehmen und unseren Dienstleistungen und m\u00f6chten, dass Sie sich beim Besuch unserer Internetseiten auch hinsichtlich [&hellip;]\" \/>\n<meta property=\"og:url\" content=\"https:\/\/studio14-dierbbdachlounge.de\/en\/datenschutzerklarung\/\" \/>\n<meta property=\"og:site_name\" content=\"Studio 14\" \/>\n<meta property=\"article:modified_time\" content=\"2021-02-09T10:41:55+00:00\" \/>\n<meta name=\"twitter:card\" content=\"summary_large_image\" \/>\n<meta name=\"twitter:label1\" content=\"Est. reading time\" \/>\n\t<meta name=\"twitter:data1\" content=\"10 minutes\" \/>\n<script type=\"application\/ld+json\" class=\"yoast-schema-graph\">{\"@context\":\"https:\\\/\\\/schema.org\",\"@graph\":[{\"@type\":\"WebPage\",\"@id\":\"https:\\\/\\\/studio14-dierbbdachlounge.de\\\/en\\\/datenschutzerklarung\\\/\",\"url\":\"https:\\\/\\\/studio14-dierbbdachlounge.de\\\/en\\\/datenschutzerklarung\\\/\",\"name\":\"Privacy policy - Studio 14\",\"isPartOf\":{\"@id\":\"https:\\\/\\\/studio14-dierbbdachlounge.de\\\/en\\\/#website\"},\"datePublished\":\"2021-02-09T10:36:30+00:00\",\"dateModified\":\"2021-02-09T10:41:55+00:00\",\"breadcrumb\":{\"@id\":\"https:\\\/\\\/studio14-dierbbdachlounge.de\\\/en\\\/datenschutzerklarung\\\/#breadcrumb\"},\"inLanguage\":\"en-US\",\"potentialAction\":[{\"@type\":\"ReadAction\",\"target\":[\"https:\\\/\\\/studio14-dierbbdachlounge.de\\\/en\\\/datenschutzerklarung\\\/\"]}]},{\"@type\":\"BreadcrumbList\",\"@id\":\"https:\\\/\\\/studio14-dierbbdachlounge.de\\\/en\\\/datenschutzerklarung\\\/#breadcrumb\",\"itemListElement\":[{\"@type\":\"ListItem\",\"position\":1,\"name\":\"Home\",\"item\":\"https:\\\/\\\/studio14-dierbbdachlounge.de\\\/en\\\/\"},{\"@type\":\"ListItem\",\"position\":2,\"name\":\"Privacy policy\"}]},{\"@type\":\"WebSite\",\"@id\":\"https:\\\/\\\/studio14-dierbbdachlounge.de\\\/en\\\/#website\",\"url\":\"https:\\\/\\\/studio14-dierbbdachlounge.de\\\/en\\\/\",\"name\":\"Studio 14\",\"description\":\"Just another WordPress site\",\"potentialAction\":[{\"@type\":\"SearchAction\",\"target\":{\"@type\":\"EntryPoint\",\"urlTemplate\":\"https:\\\/\\\/studio14-dierbbdachlounge.de\\\/en\\\/?s={search_term_string}\"},\"query-input\":{\"@type\":\"PropertyValueSpecification\",\"valueRequired\":true,\"valueName\":\"search_term_string\"}}],\"inLanguage\":\"en-US\"}]}<\/script>\n<!-- \/ Yoast SEO plugin. -->","yoast_head_json":{"title":"Privacy policy - Studio 14","robots":{"index":"index","follow":"follow","max-snippet":"max-snippet:-1","max-image-preview":"max-image-preview:large","max-video-preview":"max-video-preview:-1"},"canonical":"https:\/\/studio14-dierbbdachlounge.de\/en\/datenschutzerklarung\/","og_locale":"en_US","og_type":"article","og_title":"Privacy policy - Studio 14","og_description":"Datenschutz Studio 14 &#8211; die rbb Dachlounge Datenschutzerkl\u00e4rungWir freuen uns \u00fcber Ihr Interesse an unserem Unternehmen und unseren Dienstleistungen und m\u00f6chten, dass Sie sich beim Besuch unserer Internetseiten auch hinsichtlich [&hellip;]","og_url":"https:\/\/studio14-dierbbdachlounge.de\/en\/datenschutzerklarung\/","og_site_name":"Studio 14","article_modified_time":"2021-02-09T10:41:55+00:00","twitter_card":"summary_large_image","twitter_misc":{"Est. reading time":"10 minutes"},"schema":{"@context":"https:\/\/schema.org","@graph":[{"@type":"WebPage","@id":"https:\/\/studio14-dierbbdachlounge.de\/en\/datenschutzerklarung\/","url":"https:\/\/studio14-dierbbdachlounge.de\/en\/datenschutzerklarung\/","name":"Privacy policy - Studio 14","isPartOf":{"@id":"https:\/\/studio14-dierbbdachlounge.de\/en\/#website"},"datePublished":"2021-02-09T10:36:30+00:00","dateModified":"2021-02-09T10:41:55+00:00","breadcrumb":{"@id":"https:\/\/studio14-dierbbdachlounge.de\/en\/datenschutzerklarung\/#breadcrumb"},"inLanguage":"en-US","potentialAction":[{"@type":"ReadAction","target":["https:\/\/studio14-dierbbdachlounge.de\/en\/datenschutzerklarung\/"]}]},{"@type":"BreadcrumbList","@id":"https:\/\/studio14-dierbbdachlounge.de\/en\/datenschutzerklarung\/#breadcrumb","itemListElement":[{"@type":"ListItem","position":1,"name":"Home","item":"https:\/\/studio14-dierbbdachlounge.de\/en\/"},{"@type":"ListItem","position":2,"name":"Privacy policy"}]},{"@type":"WebSite","@id":"https:\/\/studio14-dierbbdachlounge.de\/en\/#website","url":"https:\/\/studio14-dierbbdachlounge.de\/en\/","name":"Studio 14","description":"Just another WordPress site","potentialAction":[{"@type":"SearchAction","target":{"@type":"EntryPoint","urlTemplate":"https:\/\/studio14-dierbbdachlounge.de\/en\/?s={search_term_string}"},"query-input":{"@type":"PropertyValueSpecification","valueRequired":true,"valueName":"search_term_string"}}],"inLanguage":"en-US"}]}},"_links":{"self":[{"href":"https:\/\/studio14-dierbbdachlounge.de\/en\/wp-json\/wp\/v2\/pages\/818","targetHints":{"allow":["GET"]}}],"collection":[{"href":"https:\/\/studio14-dierbbdachlounge.de\/en\/wp-json\/wp\/v2\/pages"}],"about":[{"href":"https:\/\/studio14-dierbbdachlounge.de\/en\/wp-json\/wp\/v2\/types\/page"}],"author":[{"embeddable":true,"href":"https:\/\/studio14-dierbbdachlounge.de\/en\/wp-json\/wp\/v2\/users\/2"}],"replies":[{"embeddable":true,"href":"https:\/\/studio14-dierbbdachlounge.de\/en\/wp-json\/wp\/v2\/comments?post=818"}],"version-history":[{"count":3,"href":"https:\/\/studio14-dierbbdachlounge.de\/en\/wp-json\/wp\/v2\/pages\/818\/revisions"}],"predecessor-version":[{"id":837,"href":"https:\/\/studio14-dierbbdachlounge.de\/en\/wp-json\/wp\/v2\/pages\/818\/revisions\/837"}],"wp:attachment":[{"href":"https:\/\/studio14-dierbbdachlounge.de\/en\/wp-json\/wp\/v2\/media?parent=818"}],"curies":[{"name":"wp","href":"https:\/\/api.w.org\/{rel}","templated":true}]}}